{"id":96,"date":"2024-03-27T11:09:27","date_gmt":"2024-03-27T10:09:27","guid":{"rendered":"https:\/\/loslubiaz.pl\/?page_id=96"},"modified":"2024-03-27T12:13:46","modified_gmt":"2024-03-27T11:13:46","slug":"medale-i-podziekowania","status":"publish","type":"page","link":"https:\/\/loslubiaz.pl\/index.php\/medale-i-podziekowania\/","title":{"rendered":"o Nas"},"content":{"rendered":"<p style=\"text-align: center;\"><img loading=\"lazy\" decoding=\"async\" class=\"alignnone wp-image-110 aligncenter\" src=\"http:\/\/loslubiaz.pl\/wp-content\/uploads\/2024\/03\/301962-225x300.jpg\" alt=\"\" width=\"261\" height=\"348\" srcset=\"https:\/\/loslubiaz.pl\/wp-content\/uploads\/2024\/03\/301962-225x300.jpg 225w, https:\/\/loslubiaz.pl\/wp-content\/uploads\/2024\/03\/301962.jpg 288w\" sizes=\"auto, (max-width: 261px) 100vw, 261px\" \/><br \/>\nW lesie w pobli\u017cu Lubi\u0105\u017ca stoi ma\u0142a kapliczka. Kapliczka ufundowana zosta\u0142a przez Ko\u0142o \u0141owieckie &#8222;\u0141o\u015b&#8221; z Lubi\u0105\u017ca z okazji 45 &#8211; lecia powstania ko\u0142a. Kapliczka otoczona jest ma\u0142ym drewnianym p\u0142otkiem. Na podstawie kapliczki wyryte zosta\u0142y wizerunki \u0142osia i nied\u017awiedzia. Kapliczk\u0119 postawiono w 2005 roku.<\/p>\n<p><img loading=\"lazy\" decoding=\"async\" class=\"alignnone wp-image-97 aligncenter\" src=\"http:\/\/loslubiaz.pl\/wp-content\/uploads\/2024\/03\/dyplom-226x300.jpg\" alt=\"\" width=\"428\" height=\"568\" srcset=\"https:\/\/loslubiaz.pl\/wp-content\/uploads\/2024\/03\/dyplom-226x300.jpg 226w, https:\/\/loslubiaz.pl\/wp-content\/uploads\/2024\/03\/dyplom-772x1024.jpg 772w, https:\/\/loslubiaz.pl\/wp-content\/uploads\/2024\/03\/dyplom-768x1018.jpg 768w, https:\/\/loslubiaz.pl\/wp-content\/uploads\/2024\/03\/dyplom-1158x1536.jpg 1158w, https:\/\/loslubiaz.pl\/wp-content\/uploads\/2024\/03\/dyplom-1545x2048.jpg 1545w, https:\/\/loslubiaz.pl\/wp-content\/uploads\/2024\/03\/dyplom-scaled.jpg 1931w\" sizes=\"auto, (max-width: 428px) 100vw, 428px\" \/><\/p>\n<p style=\"text-align: center;\"><img loading=\"lazy\" decoding=\"async\" class=\"alignnone wp-image-98\" src=\"http:\/\/loslubiaz.pl\/wp-content\/uploads\/2024\/03\/podziekowanie-300x244.jpg\" alt=\"\" width=\"436\" height=\"355\" srcset=\"https:\/\/loslubiaz.pl\/wp-content\/uploads\/2024\/03\/podziekowanie-300x244.jpg 300w, https:\/\/loslubiaz.pl\/wp-content\/uploads\/2024\/03\/podziekowanie-1024x832.jpg 1024w, https:\/\/loslubiaz.pl\/wp-content\/uploads\/2024\/03\/podziekowanie-768x624.jpg 768w, https:\/\/loslubiaz.pl\/wp-content\/uploads\/2024\/03\/podziekowanie-1536x1247.jpg 1536w, https:\/\/loslubiaz.pl\/wp-content\/uploads\/2024\/03\/podziekowanie-2048x1663.jpg 2048w\" sizes=\"auto, (max-width: 436px) 100vw, 436px\" \/> <img loading=\"lazy\" decoding=\"async\" class=\"alignnone wp-image-99\" src=\"http:\/\/loslubiaz.pl\/wp-content\/uploads\/2024\/03\/SKMBT_C55017082209360-300x300.jpg\" alt=\"\" width=\"462\" height=\"462\" srcset=\"https:\/\/loslubiaz.pl\/wp-content\/uploads\/2024\/03\/SKMBT_C55017082209360-300x300.jpg 300w, https:\/\/loslubiaz.pl\/wp-content\/uploads\/2024\/03\/SKMBT_C55017082209360-150x150.jpg 150w, https:\/\/loslubiaz.pl\/wp-content\/uploads\/2024\/03\/SKMBT_C55017082209360-768x768.jpg 768w, https:\/\/loslubiaz.pl\/wp-content\/uploads\/2024\/03\/SKMBT_C55017082209360.jpg 826w\" sizes=\"auto, (max-width: 462px) 100vw, 462px\" \/><\/p>\n<p style=\"text-align: center;\">\n","protected":false},"excerpt":{"rendered":"<p>W lesie w pobli\u017cu Lubi\u0105\u017ca stoi ma\u0142a kapliczka. Kapliczka ufundowana zosta\u0142a przez Ko\u0142o \u0141owieckie &#8222;\u0141o\u015b&#8221; z Lubi\u0105\u017ca z okazji 45 &#8211; lecia powstania ko\u0142a. Kapliczka otoczona jest ma\u0142ym drewnianym p\u0142otkiem. Na podstawie kapliczki wyryte zosta\u0142y wizerunki \u0142osia i nied\u017awiedzia. Kapliczk\u0119 &hellip; <a href=\"https:\/\/loslubiaz.pl\/index.php\/medale-i-podziekowania\/\">Czytaj dalej <span class=\"meta-nav\">&rarr;<\/span><\/a><\/p>\n","protected":false},"author":1,"featured_media":0,"parent":0,"menu_order":0,"comment_status":"closed","ping_status":"closed","template":"","meta":{"footnotes":"","_links_to":"","_links_to_target":""},"class_list":["post-96","page","type-page","status-publish","hentry"],"_links":{"self":[{"href":"https:\/\/loslubiaz.pl\/index.php\/wp-json\/wp\/v2\/pages\/96","targetHints":{"allow":["GET"]}}],"collection":[{"href":"https:\/\/loslubiaz.pl\/index.php\/wp-json\/wp\/v2\/pages"}],"about":[{"href":"https:\/\/loslubiaz.pl\/index.php\/wp-json\/wp\/v2\/types\/page"}],"author":[{"embeddable":true,"href":"https:\/\/loslubiaz.pl\/index.php\/wp-json\/wp\/v2\/users\/1"}],"replies":[{"embeddable":true,"href":"https:\/\/loslubiaz.pl\/index.php\/wp-json\/wp\/v2\/comments?post=96"}],"version-history":[{"count":6,"href":"https:\/\/loslubiaz.pl\/index.php\/wp-json\/wp\/v2\/pages\/96\/revisions"}],"predecessor-version":[{"id":112,"href":"https:\/\/loslubiaz.pl\/index.php\/wp-json\/wp\/v2\/pages\/96\/revisions\/112"}],"wp:attachment":[{"href":"https:\/\/loslubiaz.pl\/index.php\/wp-json\/wp\/v2\/media?parent=96"}],"curies":[{"name":"wp","href":"https:\/\/api.w.org\/{rel}","templated":true}]}}