{"id":46,"date":"2021-06-23T10:49:02","date_gmt":"2021-06-23T08:49:02","guid":{"rendered":"https:\/\/loslubiaz.pl\/?page_id=46"},"modified":"2025-12-06T16:32:49","modified_gmt":"2025-12-06T15:32:49","slug":"strona-glowna","status":"publish","type":"page","link":"https:\/\/loslubiaz.pl\/","title":{"rendered":"Strona G\u0142\u00f3wna"},"content":{"rendered":"<p style=\"text-align: center;\"><strong>Dzi\u015b 06.12.25r nasz zarz\u0105d bra\u0142 udzia\u0142 w polowaniu integracyjnym cz\u0142onk\u00f3w zarz\u0105d\u00f3w k\u00f3\u0142 powiatu wo\u0142owskiego.<\/strong><br \/>\n<strong>Polowanie odby\u0142o si\u0119 w kole \u0142owieckim Remiza.<\/strong><br \/>\n<strong>Nasz kolega Tomasz Piotrowski zosta\u0142 kr\u00f3lem polowania strzelaj\u0105c 2 \u0142anie.<\/strong><br \/>\n<strong>Podziekowania w kierunku ko\u0142a Remiza za organizacj\u0119 i pocz\u0119stunek<\/strong><\/p>\n<p><img loading=\"lazy\" decoding=\"async\" class=\"size-medium wp-image-180 aligncenter\" src=\"http:\/\/loslubiaz.pl\/wp-content\/uploads\/2025\/12\/IMG-20251206-WA0001-225x300.jpg\" alt=\"\" width=\"325\" height=\"400\" \/> <img loading=\"lazy\" decoding=\"async\" class=\"size-medium wp-image-181 aligncenter\" src=\"http:\/\/loslubiaz.pl\/wp-content\/uploads\/2025\/12\/IMG-20251206-WA0000-225x300.jpg\" alt=\"\" width=\"325\" height=\"400\" \/> <img loading=\"lazy\" decoding=\"async\" class=\"size-medium wp-image-182 aligncenter\" src=\"http:\/\/loslubiaz.pl\/wp-content\/uploads\/2025\/12\/IMG-20251206-WA0002-225x300.jpg\" alt=\"\" width=\"325\" height=\"400\" \/><\/p>\n<p style=\"text-align: center;\"><strong>__________________________________________<\/strong><\/p>\n<p style=\"text-align: center;\">Komunikat zarz\u0105du<\/p>\n<p style=\"text-align: center;\">Przestrzeliwanie broni oraz szkolenie z bezpiecze\u0144stwa na polowaniu odb\u0119dzie si\u0119.<\/p>\n<p style=\"text-align: center;\">12.10.2025<\/p>\n<p style=\"text-align: center;\">Godz 9<\/p>\n<p style=\"text-align: center;\">Strzelnica w<\/p>\n<p style=\"text-align: center;\">Wolowie<\/p>\n<p style=\"text-align: center;\">_____________________<\/p>\n<p style=\"text-align: center;\">&#x1f4c5; 13 wrze\u015bnia 2025 r. w Barze Zacisze w Domaszkowie \u015bwi\u0119towali\u015bmy wyj\u0105tkowy jubileusz \u2013 65-lecie Ko\u0142a \u0141owieckiego \u201e\u0141o\u015b\u201d Lubi\u0105\u017c.<\/p>\n<p style=\"text-align: center;\">Uroczysto\u015b\u0107 rozpocz\u0119\u0142a si\u0119 od wprowadzenia pocztu sztandarowego oraz cz\u0119\u015bci oficjalnej z wyst\u0105pieniami i wspomnieniami dotycz\u0105cymi historii naszego Ko\u0142a. Go\u015bcie zabrali g\u0142os, dzi\u0119kuj\u0105c za wieloletni\u0105 wsp\u00f3\u0142prac\u0119 i sk\u0142adaj\u0105c \u017cyczenia dalszych sukces\u00f3w oraz pomy\u015blno\u015bci.<\/p>\n<p style=\"text-align: center;\">Po cz\u0119\u015bci oficjalnej przyszed\u0142 czas na spotkanie przy stole, rozmowy i wsp\u00f3lne \u015bwi\u0119towanie w gronie my\u015bliwych, rodzin i zaproszonych go\u015bci.<\/p>\n<p style=\"text-align: center;\">&#x1f64f; Sk\u0142adamy serdeczne podzi\u0119kowania wszystkim my\u015bliwym, ich rodzinom oraz osobom zaproszonym za obecno\u015b\u0107 i wsp\u00f3lne uczczenie tego pi\u0119knego jubileuszu.<\/p>\n<p style=\"text-align: center;\">&#x1f98c; Darz B\u00f3r!<\/p>\n<hr \/>\n<blockquote>\n<p style=\"text-align: left;\"><img loading=\"lazy\" decoding=\"async\" class=\"aligncenter wp-image-176 size-large\" src=\"http:\/\/loslubiaz.pl\/wp-content\/uploads\/2025\/09\/20250913_172801-1024x473.jpg\" alt=\"\" width=\"640\" height=\"296\" srcset=\"https:\/\/loslubiaz.pl\/wp-content\/uploads\/2025\/09\/20250913_172801-1024x473.jpg 1024w, https:\/\/loslubiaz.pl\/wp-content\/uploads\/2025\/09\/20250913_172801-300x139.jpg 300w, https:\/\/loslubiaz.pl\/wp-content\/uploads\/2025\/09\/20250913_172801-768x355.jpg 768w, https:\/\/loslubiaz.pl\/wp-content\/uploads\/2025\/09\/20250913_172801-1536x710.jpg 1536w, https:\/\/loslubiaz.pl\/wp-content\/uploads\/2025\/09\/20250913_172801-2048x946.jpg 2048w\" sizes=\"auto, (max-width: 640px) 100vw, 640px\" \/><img loading=\"lazy\" decoding=\"async\" class=\"aligncenter wp-image-175 size-large\" src=\"http:\/\/loslubiaz.pl\/wp-content\/uploads\/2025\/09\/20250913_181303-1024x473.jpg\" alt=\"\" width=\"640\" height=\"296\" srcset=\"https:\/\/loslubiaz.pl\/wp-content\/uploads\/2025\/09\/20250913_181303-1024x473.jpg 1024w, https:\/\/loslubiaz.pl\/wp-content\/uploads\/2025\/09\/20250913_181303-300x139.jpg 300w, https:\/\/loslubiaz.pl\/wp-content\/uploads\/2025\/09\/20250913_181303-768x355.jpg 768w, https:\/\/loslubiaz.pl\/wp-content\/uploads\/2025\/09\/20250913_181303-1536x710.jpg 1536w, https:\/\/loslubiaz.pl\/wp-content\/uploads\/2025\/09\/20250913_181303-2048x946.jpg 2048w\" sizes=\"auto, (max-width: 640px) 100vw, 640px\" \/><\/p>\n<\/blockquote>\n<p style=\"text-align: center;\">_________________________________<\/p>\n<p style=\"text-align: center;\">&#x1f4e3; 19 lipca nasze Ko\u0142o \u0141owieckie mia\u0142o przyjemno\u015b\u0107 uczestniczy\u0107 w festynie rodzinnym w Prawikowie na zaproszenie Pani So\u0142tys Prawikowa.<\/p>\n<p style=\"text-align: center;\">Przy naszym stoisku przygotowali\u015bmy wiele atrakcji edukacyjnych dla dzieci i doros\u0142ych. Uczestnicy mogli uk\u0142ada\u0107 puzzle z motywem jelenia, rozpoznawa\u0107 le\u015bne tropy, dopasowywa\u0107 wizerunki zwierz\u0105t do ich nazw oraz ogl\u0105da\u0107 naturalne poro\u017ca i eksponaty przyrodnicze.<\/p>\n<p style=\"text-align: center;\">Dodatkowo przeprowadzili\u015bmy quiz z wiedzy o lesie i jego mieszka\u0144cach, kt\u00f3ry cieszy\u0142 si\u0119 du\u017cym zainteresowaniem i wywo\u0142a\u0142 wiele u\u015bmiechu i zdrowej rywalizacji.<\/p>\n<p style=\"text-align: center;\">Serdecznie dzi\u0119kujemy za zaproszenie oraz mi\u0142e przyj\u0119cie. Cieszymy si\u0119, \u017ce mogli\u015bmy by\u0107 cz\u0119\u015bci\u0105 tego wydarzenia i dzieli\u0107 si\u0119 nasz\u0105 pasj\u0105 do przyrody. &#x1f33f;&#x1f98c;&#x1f98a;<\/p>\n<p style=\"text-align: center;\"><img loading=\"lazy\" decoding=\"async\" class=\"alignnone size-medium wp-image-161\" src=\"http:\/\/loslubiaz.pl\/wp-content\/uploads\/2025\/07\/20250719_161835-139x300.jpg\" alt=\"\" width=\"139\" height=\"300\" srcset=\"https:\/\/loslubiaz.pl\/wp-content\/uploads\/2025\/07\/20250719_161835-139x300.jpg 139w, https:\/\/loslubiaz.pl\/wp-content\/uploads\/2025\/07\/20250719_161835-473x1024.jpg 473w, https:\/\/loslubiaz.pl\/wp-content\/uploads\/2025\/07\/20250719_161835-768x1662.jpg 768w, https:\/\/loslubiaz.pl\/wp-content\/uploads\/2025\/07\/20250719_161835-710x1536.jpg 710w, https:\/\/loslubiaz.pl\/wp-content\/uploads\/2025\/07\/20250719_161835-946x2048.jpg 946w, https:\/\/loslubiaz.pl\/wp-content\/uploads\/2025\/07\/20250719_161835-scaled.jpg 1183w\" sizes=\"auto, (max-width: 139px) 100vw, 139px\" \/><img loading=\"lazy\" decoding=\"async\" class=\"alignnone size-medium wp-image-162\" src=\"http:\/\/loslubiaz.pl\/wp-content\/uploads\/2025\/07\/20250719_161818-139x300.jpg\" alt=\"\" width=\"139\" height=\"300\" srcset=\"https:\/\/loslubiaz.pl\/wp-content\/uploads\/2025\/07\/20250719_161818-139x300.jpg 139w, https:\/\/loslubiaz.pl\/wp-content\/uploads\/2025\/07\/20250719_161818-473x1024.jpg 473w, https:\/\/loslubiaz.pl\/wp-content\/uploads\/2025\/07\/20250719_161818-768x1662.jpg 768w, https:\/\/loslubiaz.pl\/wp-content\/uploads\/2025\/07\/20250719_161818-710x1536.jpg 710w, https:\/\/loslubiaz.pl\/wp-content\/uploads\/2025\/07\/20250719_161818-946x2048.jpg 946w, https:\/\/loslubiaz.pl\/wp-content\/uploads\/2025\/07\/20250719_161818-scaled.jpg 1183w\" sizes=\"auto, (max-width: 139px) 100vw, 139px\" \/> <img loading=\"lazy\" decoding=\"async\" class=\"alignnone size-medium wp-image-163\" src=\"http:\/\/loslubiaz.pl\/wp-content\/uploads\/2025\/07\/20250719_161705-139x300.jpg\" alt=\"\" width=\"139\" height=\"300\" srcset=\"https:\/\/loslubiaz.pl\/wp-content\/uploads\/2025\/07\/20250719_161705-139x300.jpg 139w, https:\/\/loslubiaz.pl\/wp-content\/uploads\/2025\/07\/20250719_161705-473x1024.jpg 473w, https:\/\/loslubiaz.pl\/wp-content\/uploads\/2025\/07\/20250719_161705-768x1662.jpg 768w, https:\/\/loslubiaz.pl\/wp-content\/uploads\/2025\/07\/20250719_161705-710x1536.jpg 710w, https:\/\/loslubiaz.pl\/wp-content\/uploads\/2025\/07\/20250719_161705-946x2048.jpg 946w, https:\/\/loslubiaz.pl\/wp-content\/uploads\/2025\/07\/20250719_161705-scaled.jpg 1183w\" sizes=\"auto, (max-width: 139px) 100vw, 139px\" \/> <img loading=\"lazy\" decoding=\"async\" class=\"alignnone size-medium wp-image-164\" src=\"http:\/\/loslubiaz.pl\/wp-content\/uploads\/2025\/07\/20250719_155900-139x300.jpg\" alt=\"\" width=\"139\" height=\"300\" srcset=\"https:\/\/loslubiaz.pl\/wp-content\/uploads\/2025\/07\/20250719_155900-139x300.jpg 139w, https:\/\/loslubiaz.pl\/wp-content\/uploads\/2025\/07\/20250719_155900-473x1024.jpg 473w, https:\/\/loslubiaz.pl\/wp-content\/uploads\/2025\/07\/20250719_155900-768x1662.jpg 768w, https:\/\/loslubiaz.pl\/wp-content\/uploads\/2025\/07\/20250719_155900-710x1536.jpg 710w, https:\/\/loslubiaz.pl\/wp-content\/uploads\/2025\/07\/20250719_155900-946x2048.jpg 946w, https:\/\/loslubiaz.pl\/wp-content\/uploads\/2025\/07\/20250719_155900-scaled.jpg 1183w\" sizes=\"auto, (max-width: 139px) 100vw, 139px\" \/> <img loading=\"lazy\" decoding=\"async\" class=\"alignnone size-medium wp-image-165\" src=\"http:\/\/loslubiaz.pl\/wp-content\/uploads\/2025\/07\/20250719_155836-139x300.jpg\" alt=\"\" width=\"139\" height=\"300\" srcset=\"https:\/\/loslubiaz.pl\/wp-content\/uploads\/2025\/07\/20250719_155836-139x300.jpg 139w, https:\/\/loslubiaz.pl\/wp-content\/uploads\/2025\/07\/20250719_155836-473x1024.jpg 473w, https:\/\/loslubiaz.pl\/wp-content\/uploads\/2025\/07\/20250719_155836-768x1662.jpg 768w, https:\/\/loslubiaz.pl\/wp-content\/uploads\/2025\/07\/20250719_155836-710x1536.jpg 710w, https:\/\/loslubiaz.pl\/wp-content\/uploads\/2025\/07\/20250719_155836-946x2048.jpg 946w, https:\/\/loslubiaz.pl\/wp-content\/uploads\/2025\/07\/20250719_155836-scaled.jpg 1183w\" sizes=\"auto, (max-width: 139px) 100vw, 139px\" \/> <img loading=\"lazy\" decoding=\"async\" class=\"alignnone size-medium wp-image-166\" src=\"http:\/\/loslubiaz.pl\/wp-content\/uploads\/2025\/07\/20250719_155824-139x300.jpg\" alt=\"\" width=\"139\" height=\"300\" srcset=\"https:\/\/loslubiaz.pl\/wp-content\/uploads\/2025\/07\/20250719_155824-139x300.jpg 139w, https:\/\/loslubiaz.pl\/wp-content\/uploads\/2025\/07\/20250719_155824-473x1024.jpg 473w, https:\/\/loslubiaz.pl\/wp-content\/uploads\/2025\/07\/20250719_155824-768x1662.jpg 768w, https:\/\/loslubiaz.pl\/wp-content\/uploads\/2025\/07\/20250719_155824-710x1536.jpg 710w, https:\/\/loslubiaz.pl\/wp-content\/uploads\/2025\/07\/20250719_155824-946x2048.jpg 946w, https:\/\/loslubiaz.pl\/wp-content\/uploads\/2025\/07\/20250719_155824-scaled.jpg 1183w\" sizes=\"auto, (max-width: 139px) 100vw, 139px\" \/> <img loading=\"lazy\" decoding=\"async\" class=\"alignnone size-medium wp-image-167\" src=\"http:\/\/loslubiaz.pl\/wp-content\/uploads\/2025\/07\/20250719_155729-139x300.jpg\" alt=\"\" width=\"139\" height=\"300\" srcset=\"https:\/\/loslubiaz.pl\/wp-content\/uploads\/2025\/07\/20250719_155729-139x300.jpg 139w, https:\/\/loslubiaz.pl\/wp-content\/uploads\/2025\/07\/20250719_155729-473x1024.jpg 473w, https:\/\/loslubiaz.pl\/wp-content\/uploads\/2025\/07\/20250719_155729-768x1662.jpg 768w, https:\/\/loslubiaz.pl\/wp-content\/uploads\/2025\/07\/20250719_155729-710x1536.jpg 710w, https:\/\/loslubiaz.pl\/wp-content\/uploads\/2025\/07\/20250719_155729-946x2048.jpg 946w, https:\/\/loslubiaz.pl\/wp-content\/uploads\/2025\/07\/20250719_155729-scaled.jpg 1183w\" sizes=\"auto, (max-width: 139px) 100vw, 139px\" \/> <img loading=\"lazy\" decoding=\"async\" class=\"alignnone size-medium wp-image-168\" src=\"http:\/\/loslubiaz.pl\/wp-content\/uploads\/2025\/07\/20250719_155816-139x300.jpg\" alt=\"\" width=\"139\" height=\"300\" srcset=\"https:\/\/loslubiaz.pl\/wp-content\/uploads\/2025\/07\/20250719_155816-139x300.jpg 139w, https:\/\/loslubiaz.pl\/wp-content\/uploads\/2025\/07\/20250719_155816-473x1024.jpg 473w, https:\/\/loslubiaz.pl\/wp-content\/uploads\/2025\/07\/20250719_155816-768x1662.jpg 768w, https:\/\/loslubiaz.pl\/wp-content\/uploads\/2025\/07\/20250719_155816-710x1536.jpg 710w, https:\/\/loslubiaz.pl\/wp-content\/uploads\/2025\/07\/20250719_155816-946x2048.jpg 946w, https:\/\/loslubiaz.pl\/wp-content\/uploads\/2025\/07\/20250719_155816-scaled.jpg 1183w\" sizes=\"auto, (max-width: 139px) 100vw, 139px\" \/> <img loading=\"lazy\" decoding=\"async\" class=\"alignnone size-medium wp-image-169\" src=\"http:\/\/loslubiaz.pl\/wp-content\/uploads\/2025\/07\/20250719_155516-139x300.jpg\" alt=\"\" width=\"139\" height=\"300\" srcset=\"https:\/\/loslubiaz.pl\/wp-content\/uploads\/2025\/07\/20250719_155516-139x300.jpg 139w, https:\/\/loslubiaz.pl\/wp-content\/uploads\/2025\/07\/20250719_155516-473x1024.jpg 473w, https:\/\/loslubiaz.pl\/wp-content\/uploads\/2025\/07\/20250719_155516-768x1662.jpg 768w, https:\/\/loslubiaz.pl\/wp-content\/uploads\/2025\/07\/20250719_155516-710x1536.jpg 710w, https:\/\/loslubiaz.pl\/wp-content\/uploads\/2025\/07\/20250719_155516-946x2048.jpg 946w, https:\/\/loslubiaz.pl\/wp-content\/uploads\/2025\/07\/20250719_155516-scaled.jpg 1183w\" sizes=\"auto, (max-width: 139px) 100vw, 139px\" \/> <img loading=\"lazy\" decoding=\"async\" class=\"alignnone size-medium wp-image-170\" src=\"http:\/\/loslubiaz.pl\/wp-content\/uploads\/2025\/07\/20250719_155434-300x139.jpg\" alt=\"\" width=\"300\" height=\"139\" srcset=\"https:\/\/loslubiaz.pl\/wp-content\/uploads\/2025\/07\/20250719_155434-300x139.jpg 300w, https:\/\/loslubiaz.pl\/wp-content\/uploads\/2025\/07\/20250719_155434-1024x473.jpg 1024w, https:\/\/loslubiaz.pl\/wp-content\/uploads\/2025\/07\/20250719_155434-768x355.jpg 768w, https:\/\/loslubiaz.pl\/wp-content\/uploads\/2025\/07\/20250719_155434-1536x710.jpg 1536w, https:\/\/loslubiaz.pl\/wp-content\/uploads\/2025\/07\/20250719_155434-2048x946.jpg 2048w\" sizes=\"auto, (max-width: 300px) 100vw, 300px\" \/> <img loading=\"lazy\" decoding=\"async\" class=\"alignnone size-medium wp-image-171\" src=\"http:\/\/loslubiaz.pl\/wp-content\/uploads\/2025\/07\/20250719_155410-300x139.jpg\" alt=\"\" width=\"300\" height=\"139\" srcset=\"https:\/\/loslubiaz.pl\/wp-content\/uploads\/2025\/07\/20250719_155410-300x139.jpg 300w, https:\/\/loslubiaz.pl\/wp-content\/uploads\/2025\/07\/20250719_155410-1024x473.jpg 1024w, https:\/\/loslubiaz.pl\/wp-content\/uploads\/2025\/07\/20250719_155410-768x355.jpg 768w, https:\/\/loslubiaz.pl\/wp-content\/uploads\/2025\/07\/20250719_155410-1536x710.jpg 1536w, https:\/\/loslubiaz.pl\/wp-content\/uploads\/2025\/07\/20250719_155410-2048x946.jpg 2048w\" sizes=\"auto, (max-width: 300px) 100vw, 300px\" \/><\/p>\n<p style=\"text-align: center;\">______________________________<\/p>\n<p style=\"text-align: center;\">Zarz\u0105d ko\u0142a informuje \u017ce 13.09.br organizuje obchody 65 lecia ko\u0142a.<br \/>\nMiejsce Domaszkow Bar zacisze<br \/>\nWszystkich ch\u0119tnych wraz z partnerkami.partnerami zapraszam do zapisywania si\u0119 do 15.08br<br \/>\nPo\u0142ow\u0119 koszt\u00f3w pokrywa ko\u0142o<br \/>\nKwota zale\u017cy od ilo\u015bci os\u00f3b<br \/>\nDarz B\u00f3r<\/p>\n<p style=\"text-align: center;\">________________________<\/p>\n<p style=\"text-align: center;\">Pani so\u0142tys Prawikowa zaprasza wszystkich cz\u0142onk\u00f3w ko\u0142a wraz z rodzinami na festyn 19.07.2025. Jako ko\u0142o bierzemy udzia\u0142 b\u0119dziemy mieli swoje stanowisko oraz w godz 15-17. B\u0119dziemy prowadzi\u0107 gry i konkursy dla dzieci. Wszystkich ch\u0119tnych do pomocy zapraszam do kontaktu<\/p>\n<p style=\"text-align: center;\"><img loading=\"lazy\" decoding=\"async\" class=\"alignnone size-medium wp-image-159\" src=\"http:\/\/loslubiaz.pl\/wp-content\/uploads\/2025\/07\/FB_IMG_1752411045159-212x300.jpg\" alt=\"\" width=\"212\" height=\"300\" srcset=\"https:\/\/loslubiaz.pl\/wp-content\/uploads\/2025\/07\/FB_IMG_1752411045159-212x300.jpg 212w, https:\/\/loslubiaz.pl\/wp-content\/uploads\/2025\/07\/FB_IMG_1752411045159-724x1024.jpg 724w, https:\/\/loslubiaz.pl\/wp-content\/uploads\/2025\/07\/FB_IMG_1752411045159-768x1086.jpg 768w, https:\/\/loslubiaz.pl\/wp-content\/uploads\/2025\/07\/FB_IMG_1752411045159-1086x1536.jpg 1086w, https:\/\/loslubiaz.pl\/wp-content\/uploads\/2025\/07\/FB_IMG_1752411045159.jpg 1448w\" sizes=\"auto, (max-width: 212px) 100vw, 212px\" \/><\/p>\n<p style=\"text-align: center;\">__________________________________<\/p>\n<p style=\"text-align: center;\">Darzb\u00f3r Koledzy zapraszam na czyn 28.06.2025 godz. 8:00 Ostoja b\u0119dziemy czy\u015bci\u0107 dojazdy do \u0142\u0105k oraz pokrywa\u0107 dachy na ambonach prosz\u0119 z sob\u0105 wzi\u0105\u0107: pi\u0142y, siekiery, wkr\u0119tarki. Koledzy prosz\u0119 r\u00f3wnie\u017c szczeg\u00f3ln\u0105 uwag\u0119 zwr\u00f3ci\u0107 na zasiewy pszenicy pojawiaj\u0105 si\u0119 pierwsze szkody wyrz\u0105dzone przez dziki&#x1f33f;<\/p>\n<p style=\"text-align: center;\">________________________________________<\/p>\n<p style=\"text-align: center;\">Darzb\u00f3r Koledzy zapraszam na czyn 07.06.2025 godzina 8:00 Ostoja &#x1f33f;<\/p>\n<p style=\"text-align: center;\">_______________________________________<\/p>\n<p style=\"text-align: center;\">Darz Bor! Przypominamy o 62 okregowych zawodach strzeleckich odbywajacych sie dn. 07.06 przy ul. Wodzislawskiej 10B. Zapisy do dn. 30.05.25r. Informacje w sekretariacie ZO PZL Wroclaw. Serdecznie zapraszamy!<\/p>\n<p style=\"text-align: center;\">___________________________________________<\/p>\n<p style=\"text-align: center;\">Dzien dobry, ZarzadOkregowy PZL informuje iz od kwietnia 2025 zmienily sie godziny otwarcia strzelnicy osie srutowe wt-pt 10:30-18:00 os rogacz wt-pt od 10.30-17, os zajac i dzik wt-pt od 10.30-16. Sobota bez zmian. Szczegoly www.wroclaw.pzlow.pl<\/p>\n<p style=\"text-align: center;\">Darzbor<\/p>\n<p style=\"text-align: center;\">__________________________________________<\/p>\n<p style=\"text-align: center;\">Darzb\u00f3r Koledzy odstrza\u0142y na rogacze s\u0105 do odbioru&#x1f33f;Na rogacza \u0142ownego strzelamy selekcyjnego! Ch\u0142odnia po zabraniu ostatniego dzika musi by\u0107 uchylona na specjalne zamontowanych haczykach do czasu ponownego uruchomienia&#x1f33f;&#x1f4ef;<\/p>\n<p style=\"text-align: center;\">_________________________________________<\/p>\n<p style=\"text-align: center;\">Uchwa\u0142a zarz\u0105du nr 3\/25\/26 z dnia 25.04.25 Kolega Micha\u0142a Klecki przyj\u0119ty w poczet cz\u0142onk\u00f3w ko\u0142a \u0142o\u015b Lubi\u0105\u017c<\/p>\n<p style=\"text-align: center;\">___________________________________________<\/p>\n<p style=\"text-align: center;\">Uchwa\u0142a zarz\u0105du nr 1\/25\/26<br \/>\nZ dnia 25.04.25<br \/>\nZarzad zwo\u0142uje Walne Zgromadzenie na dzie\u0144 25.05.25 godz 9.Siedziba ko\u0142a<\/p>\n<p style=\"text-align: center;\">_________________________________________<\/p>\n<p style=\"text-align: center;\">Darzb\u00f3r ocena prawid\u0142owo\u015bci odstrza\u0142u danieli i jeleni byk\u00f3w za sezon 24\/25 odb\u0119dzie si\u0119 15.03.2025 dnia 08.03.2025 o godzinie 19:00prosz\u0119 dostarczy\u0107 trofea na Ostoj\u0119<\/p>\n<p style=\"text-align: center;\">_______________________________________<\/p>\n<p style=\"text-align: center;\"><strong>Zarz\u0105dzenie nr 1\/2025 Zarz\u0105du Okresowego Polskiego Zwi\u0105zku \u0141owieckiego we Wroc\u0142awiu z dnia 9 stycznia 2025 roku w sprawie obowi\u0105zkowych szkole\u0144 dla os\u00f3b pe\u0142ni\u0105cych funkcji w ko\u0142ach \u0142owieckich<\/strong><\/p>\n<p style=\"text-align: center;\"><em>Kliknij w zdj\u0119cie, aby powi\u0119kszy\u0107<\/em><\/p>\n<p style=\"text-align: center;\"><a href=\"http:\/\/loslubiaz.pl\/wp-content\/uploads\/2025\/03\/IMG-20250302-WA0001-2-1-e1740924501514.jpg\"><img loading=\"lazy\" decoding=\"async\" class=\"alignnone wp-image-137\" src=\"http:\/\/loslubiaz.pl\/wp-content\/uploads\/2025\/03\/IMG-20250302-WA0001-2-1-e1740924501514-215x300.jpg\" alt=\"\" width=\"703\" height=\"981\" srcset=\"https:\/\/loslubiaz.pl\/wp-content\/uploads\/2025\/03\/IMG-20250302-WA0001-2-1-e1740924501514-215x300.jpg 215w, https:\/\/loslubiaz.pl\/wp-content\/uploads\/2025\/03\/IMG-20250302-WA0001-2-1-e1740924501514-733x1024.jpg 733w, https:\/\/loslubiaz.pl\/wp-content\/uploads\/2025\/03\/IMG-20250302-WA0001-2-1-e1740924501514-768x1072.jpg 768w, https:\/\/loslubiaz.pl\/wp-content\/uploads\/2025\/03\/IMG-20250302-WA0001-2-1-e1740924501514-1100x1536.jpg 1100w, https:\/\/loslubiaz.pl\/wp-content\/uploads\/2025\/03\/IMG-20250302-WA0001-2-1-e1740924501514.jpg 1292w\" sizes=\"auto, (max-width: 703px) 100vw, 703px\" \/><\/a><\/p>\n<p style=\"text-align: center;\"><a href=\"http:\/\/loslubiaz.pl\/wp-content\/uploads\/2025\/03\/IMG-20250302-WA0002-1.jpg\"><img loading=\"lazy\" decoding=\"async\" class=\"alignnone wp-image-133\" src=\"http:\/\/loslubiaz.pl\/wp-content\/uploads\/2025\/03\/IMG-20250302-WA0002-1-198x300.jpg\" alt=\"\" width=\"640\" height=\"969\" srcset=\"https:\/\/loslubiaz.pl\/wp-content\/uploads\/2025\/03\/IMG-20250302-WA0002-1-198x300.jpg 198w, https:\/\/loslubiaz.pl\/wp-content\/uploads\/2025\/03\/IMG-20250302-WA0002-1-676x1024.jpg 676w, https:\/\/loslubiaz.pl\/wp-content\/uploads\/2025\/03\/IMG-20250302-WA0002-1-768x1164.jpg 768w, https:\/\/loslubiaz.pl\/wp-content\/uploads\/2025\/03\/IMG-20250302-WA0002-1-1014x1536.jpg 1014w, https:\/\/loslubiaz.pl\/wp-content\/uploads\/2025\/03\/IMG-20250302-WA0002-1.jpg 1232w\" sizes=\"auto, (max-width: 640px) 100vw, 640px\" \/><\/a><\/p>\n<p style=\"text-align: center;\"><a href=\"http:\/\/loslubiaz.pl\/wp-content\/uploads\/2025\/03\/IMG-20250302-WA0003-1.jpg\"><img loading=\"lazy\" decoding=\"async\" class=\"alignnone wp-image-131\" src=\"http:\/\/loslubiaz.pl\/wp-content\/uploads\/2025\/03\/IMG-20250302-WA0003-1-210x300.jpg\" alt=\"\" width=\"640\" height=\"914\" srcset=\"https:\/\/loslubiaz.pl\/wp-content\/uploads\/2025\/03\/IMG-20250302-WA0003-1-210x300.jpg 210w, https:\/\/loslubiaz.pl\/wp-content\/uploads\/2025\/03\/IMG-20250302-WA0003-1-718x1024.jpg 718w, https:\/\/loslubiaz.pl\/wp-content\/uploads\/2025\/03\/IMG-20250302-WA0003-1-768x1096.jpg 768w, https:\/\/loslubiaz.pl\/wp-content\/uploads\/2025\/03\/IMG-20250302-WA0003-1-1077x1536.jpg 1077w, https:\/\/loslubiaz.pl\/wp-content\/uploads\/2025\/03\/IMG-20250302-WA0003-1.jpg 1353w\" sizes=\"auto, (max-width: 640px) 100vw, 640px\" \/><\/a><\/p>\n<p style=\"text-align: center;\"><a href=\"http:\/\/loslubiaz.pl\/wp-content\/uploads\/2025\/03\/IMG-20250302-WA0000-1.jpg\"><img loading=\"lazy\" decoding=\"async\" class=\"alignnone wp-image-132\" src=\"http:\/\/loslubiaz.pl\/wp-content\/uploads\/2025\/03\/IMG-20250302-WA0000-1-214x300.jpg\" alt=\"\" width=\"639\" height=\"896\" srcset=\"https:\/\/loslubiaz.pl\/wp-content\/uploads\/2025\/03\/IMG-20250302-WA0000-1-214x300.jpg 214w, https:\/\/loslubiaz.pl\/wp-content\/uploads\/2025\/03\/IMG-20250302-WA0000-1-1097x1536.jpg 1097w\" sizes=\"auto, (max-width: 639px) 100vw, 639px\" \/><\/a><\/p>\n<p style=\"text-align: center;\">_________________________________________________________<\/p>\n<p style=\"text-align: center;\">Uchwa\u0142a zarz\u0105du 1\/24\/25<\/p>\n<p style=\"text-align: center;\">Piotr Hnida zosta\u0142 przyj\u0119ty w poczet cz\u0142onk\u00f3w ko\u0142a \u0141o\u015b Lubi\u0105\u017c<\/p>\n<p style=\"text-align: center;\">__________________________________________________________<\/p>\n<p style=\"text-align: center;\">\n","protected":false},"excerpt":{"rendered":"<p>Dzi\u015b 06.12.25r nasz zarz\u0105d bra\u0142 udzia\u0142 w polowaniu integracyjnym cz\u0142onk\u00f3w zarz\u0105d\u00f3w k\u00f3\u0142 powiatu wo\u0142owskiego. Polowanie odby\u0142o si\u0119 w kole \u0142owieckim Remiza. Nasz kolega Tomasz Piotrowski zosta\u0142 kr\u00f3lem polowania strzelaj\u0105c 2 \u0142anie. Podziekowania w kierunku ko\u0142a Remiza za organizacj\u0119 i pocz\u0119stunek &hellip; <a href=\"https:\/\/loslubiaz.pl\/\">Czytaj dalej <span class=\"meta-nav\">&rarr;<\/span><\/a><\/p>\n","protected":false},"author":2,"featured_media":0,"parent":0,"menu_order":0,"comment_status":"closed","ping_status":"closed","template":"","meta":{"footnotes":"","_links_to":"","_links_to_target":""},"class_list":["post-46","page","type-page","status-publish","hentry"],"_links":{"self":[{"href":"https:\/\/loslubiaz.pl\/index.php\/wp-json\/wp\/v2\/pages\/46","targetHints":{"allow":["GET"]}}],"collection":[{"href":"https:\/\/loslubiaz.pl\/index.php\/wp-json\/wp\/v2\/pages"}],"about":[{"href":"https:\/\/loslubiaz.pl\/index.php\/wp-json\/wp\/v2\/types\/page"}],"author":[{"embeddable":true,"href":"https:\/\/loslubiaz.pl\/index.php\/wp-json\/wp\/v2\/users\/2"}],"replies":[{"embeddable":true,"href":"https:\/\/loslubiaz.pl\/index.php\/wp-json\/wp\/v2\/comments?post=46"}],"version-history":[{"count":48,"href":"https:\/\/loslubiaz.pl\/index.php\/wp-json\/wp\/v2\/pages\/46\/revisions"}],"predecessor-version":[{"id":187,"href":"https:\/\/loslubiaz.pl\/index.php\/wp-json\/wp\/v2\/pages\/46\/revisions\/187"}],"wp:attachment":[{"href":"https:\/\/loslubiaz.pl\/index.php\/wp-json\/wp\/v2\/media?parent=46"}],"curies":[{"name":"wp","href":"https:\/\/api.w.org\/{rel}","templated":true}]}}