{"id":29,"date":"2021-05-12T08:46:17","date_gmt":"2021-05-12T06:46:17","guid":{"rendered":"https:\/\/loslubiaz.pl\/?page_id=29"},"modified":"2024-03-27T11:04:20","modified_gmt":"2024-03-27T10:04:20","slug":"zarzad","status":"publish","type":"page","link":"https:\/\/loslubiaz.pl\/index.php\/zarzad\/","title":{"rendered":"Zarz\u0105d"},"content":{"rendered":"<h2><\/h2>\r\n<h2 style=\"text-align: center;\"><strong>kol. Romuald Soroko<\/strong><br \/>prezes<\/h2>\r\n<h2>\r\n\r\n<\/h2>\r\n<h2 style=\"text-align: center;\">kol. Jan Mas\u0142owski<br \/>\u0142owczy<\/h2>\r\n<h2 style=\"text-align: center;\">kol. Tomasz Piotrowski<br \/>pod\u0142owczy<\/h2>\r\n<h2>\r\n\r\n<\/h2>\r\n<h2 style=\"text-align: center;\">kol. S\u0142awomir Gaj<br \/>skarbnik<\/h2>\r\n<h2>\r\n\r\n<\/h2>\r\n<h2 style=\"text-align: center;\">kol. Stanis\u0142aw Stelmaszczuk<br \/>sekretarz<\/h2>\r\n<h2>\r\n\r\n<\/h2>\r\n<h2>\u00a0<\/h2>\r\n<h2><\/h2>","protected":false},"excerpt":{"rendered":"<p>kol. Romuald Sorokoprezes kol. Jan Mas\u0142owski\u0142owczy kol. Tomasz Piotrowskipod\u0142owczy kol. S\u0142awomir Gajskarbnik kol. Stanis\u0142aw Stelmaszczuksekretarz \u00a0<\/p>\n","protected":false},"author":2,"featured_media":0,"parent":0,"menu_order":0,"comment_status":"closed","ping_status":"closed","template":"","meta":{"footnotes":"","_links_to":"","_links_to_target":""},"class_list":["post-29","page","type-page","status-publish","hentry"],"_links":{"self":[{"href":"https:\/\/loslubiaz.pl\/index.php\/wp-json\/wp\/v2\/pages\/29","targetHints":{"allow":["GET"]}}],"collection":[{"href":"https:\/\/loslubiaz.pl\/index.php\/wp-json\/wp\/v2\/pages"}],"about":[{"href":"https:\/\/loslubiaz.pl\/index.php\/wp-json\/wp\/v2\/types\/page"}],"author":[{"embeddable":true,"href":"https:\/\/loslubiaz.pl\/index.php\/wp-json\/wp\/v2\/users\/2"}],"replies":[{"embeddable":true,"href":"https:\/\/loslubiaz.pl\/index.php\/wp-json\/wp\/v2\/comments?post=29"}],"version-history":[{"count":7,"href":"https:\/\/loslubiaz.pl\/index.php\/wp-json\/wp\/v2\/pages\/29\/revisions"}],"predecessor-version":[{"id":95,"href":"https:\/\/loslubiaz.pl\/index.php\/wp-json\/wp\/v2\/pages\/29\/revisions\/95"}],"wp:attachment":[{"href":"https:\/\/loslubiaz.pl\/index.php\/wp-json\/wp\/v2\/media?parent=29"}],"curies":[{"name":"wp","href":"https:\/\/api.w.org\/{rel}","templated":true}]}}