{"id":16,"date":"2021-05-12T08:44:19","date_gmt":"2021-05-12T06:44:19","guid":{"rendered":"https:\/\/loslubiaz.pl\/?page_id=16"},"modified":"2021-07-05T17:11:46","modified_gmt":"2021-07-05T15:11:46","slug":"kontakt","status":"publish","type":"page","link":"https:\/\/loslubiaz.pl\/index.php\/kontakt\/","title":{"rendered":"Kontakt"},"content":{"rendered":"<p>Ko\u0142o \u0141owieckie &#8222;\u0141o\u015b&#8221; Lubi\u0105\u017c<\/p>\n<p>Krzydlina Wielka 36<\/p>\n<p>56-100 Wo\u0142\u00f3w<\/p>\n<p>Prezes &#8211; 600 788 138<\/p>\n<p>\u0141owczy &#8211; 783 822 326<\/p>\n<p>Skarbnik &#8211; 785 472 440<\/p>\n<p>Sekretarz &#8211; 662 019 290<\/p>\n<p>Administracja strony &#8211; 882 447 206<\/p>\n<p>&nbsp;<\/p>\n<p>&nbsp;<\/p>\n","protected":false},"excerpt":{"rendered":"<p>Ko\u0142o \u0141owieckie &#8222;\u0141o\u015b&#8221; Lubi\u0105\u017c Krzydlina Wielka 36 56-100 Wo\u0142\u00f3w Prezes &#8211; 600 788 138 \u0141owczy &#8211; 783 822 326 Skarbnik &#8211; 785 472 440 Sekretarz &#8211; 662 019 290 Administracja strony &#8211; 882 447 206 &nbsp; &nbsp;<\/p>\n","protected":false},"author":2,"featured_media":0,"parent":0,"menu_order":0,"comment_status":"closed","ping_status":"closed","template":"","meta":{"footnotes":"","_links_to":"","_links_to_target":""},"class_list":["post-16","page","type-page","status-publish","hentry"],"_links":{"self":[{"href":"https:\/\/loslubiaz.pl\/index.php\/wp-json\/wp\/v2\/pages\/16","targetHints":{"allow":["GET"]}}],"collection":[{"href":"https:\/\/loslubiaz.pl\/index.php\/wp-json\/wp\/v2\/pages"}],"about":[{"href":"https:\/\/loslubiaz.pl\/index.php\/wp-json\/wp\/v2\/types\/page"}],"author":[{"embeddable":true,"href":"https:\/\/loslubiaz.pl\/index.php\/wp-json\/wp\/v2\/users\/2"}],"replies":[{"embeddable":true,"href":"https:\/\/loslubiaz.pl\/index.php\/wp-json\/wp\/v2\/comments?post=16"}],"version-history":[{"count":4,"href":"https:\/\/loslubiaz.pl\/index.php\/wp-json\/wp\/v2\/pages\/16\/revisions"}],"predecessor-version":[{"id":69,"href":"https:\/\/loslubiaz.pl\/index.php\/wp-json\/wp\/v2\/pages\/16\/revisions\/69"}],"wp:attachment":[{"href":"https:\/\/loslubiaz.pl\/index.php\/wp-json\/wp\/v2\/media?parent=16"}],"curies":[{"name":"wp","href":"https:\/\/api.w.org\/{rel}","templated":true}]}}